{"id":24,"date":"2024-01-02T16:13:19","date_gmt":"2024-01-02T15:13:19","guid":{"rendered":"https:\/\/capautonomieinclusion.fr\/?page_id=24"},"modified":"2024-04-11T17:13:56","modified_gmt":"2024-04-11T15:13:56","slug":"nos-projets","status":"publish","type":"page","link":"https:\/\/capautonomieinclusion.fr\/index.php\/nos-projets\/","title":{"rendered":"Notre projet"},"content":{"rendered":"\n<p>L&rsquo;association propose aux familles et aux personnes en situation de handicap un projet d&rsquo;<strong><a href=\"\/\">Habitat inclusif<\/a><\/strong>.<\/p>\n\n\n\n<h2 class=\"wp-block-heading\">L&rsquo;immobilier<\/h2>\n\n\n\n<p>Dans le quartier du QUAI de l\u2019ADOUR, 65000 TARBES<\/p>\n\n\n\n<p><strong>Un IMMEUBLE de deux \u00e9tages<\/strong> pour Personne en Situation de Handicap de FAIBLE ou MOYENNE AUTONOMIE<\/p>\n\n\n\n<ul class=\"wp-block-list\">\n<li>avec au rez-de-chauss\u00e9e un espace de vie commune<\/li>\n\n\n\n<li>au 1er \u00e9tage Colocation pour 6 LOCATAIRES<\/li>\n\n\n\n<li>au 2\u00e8me \u00e9tage Colocation pour 6 LOCATAIRES<\/li>\n<\/ul>\n\n\n\n<p><strong>Deux PETITS IMMEUBLES<\/strong> pour Personne en Situation de Handicap de BONNE ou TRES BONNE AUTONOMIE<\/p>\n\n\n\n<h2 class=\"wp-block-heading\"><strong>L\u2019accompagnement du locataire PSH<\/strong><\/h2>\n\n\n\n<ul class=\"wp-block-list\">\n<li>pour le DEVELOPPEMENT ou le MAINTIEN de l&rsquo;AUTONOMIE du LOCATAIRE<\/li>\n\n\n\n<li>pour l\u2019INCLUSION SOCIALE dans la VILLE<\/li>\n<\/ul>\n\n\n\n<p><\/p>\n\n\n\n<p>L&rsquo;association m\u00e8ne l\u2019\u00e9tude de sa faisabilit\u00e9. Une Soci\u00e9t\u00e9 Coop\u00e9rative d\u2019Int\u00e9r\u00eat Collectif (SCIC) \u00e0 but social et but non lucratif porte le projet. La SCIC prendra le relais pour la CONSTRUCTION et l\u2019EXPLOITATION du SITE<\/p>\n","protected":false},"excerpt":{"rendered":"<p>L&rsquo;association propose aux familles et aux personnes en situation de handicap un projet d&rsquo;Habitat inclusif. L&rsquo;immobilier Dans le quartier du QUAI de l\u2019ADOUR, 65000 TARBES Un IMMEUBLE de deux \u00e9tages pour Personne en Situation de Handicap de FAIBLE ou MOYENNE AUTONOMIE Deux PETITS IMMEUBLES pour Personne en Situation de Handicap de BONNE ou TRES BONNE &hellip; <a href=\"https:\/\/capautonomieinclusion.fr\/index.php\/nos-projets\/\" class=\"more-link\">Continuer la lecture<span class=\"screen-reader-text\"> de &laquo;&nbsp;Notre projet&nbsp;&raquo;<\/span><\/a><\/p>\n","protected":false},"author":1,"featured_media":0,"parent":0,"menu_order":0,"comment_status":"closed","ping_status":"closed","template":"","meta":{"footnotes":""},"class_list":["post-24","page","type-page","status-publish","hentry"],"_links":{"self":[{"href":"https:\/\/capautonomieinclusion.fr\/index.php\/wp-json\/wp\/v2\/pages\/24","targetHints":{"allow":["GET"]}}],"collection":[{"href":"https:\/\/capautonomieinclusion.fr\/index.php\/wp-json\/wp\/v2\/pages"}],"about":[{"href":"https:\/\/capautonomieinclusion.fr\/index.php\/wp-json\/wp\/v2\/types\/page"}],"author":[{"embeddable":true,"href":"https:\/\/capautonomieinclusion.fr\/index.php\/wp-json\/wp\/v2\/users\/1"}],"replies":[{"embeddable":true,"href":"https:\/\/capautonomieinclusion.fr\/index.php\/wp-json\/wp\/v2\/comments?post=24"}],"version-history":[{"count":7,"href":"https:\/\/capautonomieinclusion.fr\/index.php\/wp-json\/wp\/v2\/pages\/24\/revisions"}],"predecessor-version":[{"id":112,"href":"https:\/\/capautonomieinclusion.fr\/index.php\/wp-json\/wp\/v2\/pages\/24\/revisions\/112"}],"wp:attachment":[{"href":"https:\/\/capautonomieinclusion.fr\/index.php\/wp-json\/wp\/v2\/media?parent=24"}],"curies":[{"name":"wp","href":"https:\/\/api.w.org\/{rel}","templated":true}]}}