{"id":15,"date":"2023-12-31T13:07:45","date_gmt":"2023-12-31T12:07:45","guid":{"rendered":"https:\/\/capautonomieinclusion.fr\/?page_id=15"},"modified":"2024-04-11T17:30:27","modified_gmt":"2024-04-11T15:30:27","slug":"lassociation-cap-autonomie-inclusion","status":"publish","type":"page","link":"https:\/\/capautonomieinclusion.fr\/index.php\/lassociation-cap-autonomie-inclusion\/","title":{"rendered":"Qui sommes nous?"},"content":{"rendered":"\n<figure class=\"wp-block-image size-large is-resized\"><img loading=\"lazy\" decoding=\"async\" width=\"1024\" height=\"423\" src=\"http:\/\/capautonomieinclusion.fr\/wp-content\/uploads\/2024\/01\/Logo-initial-vectorise-1024x423.png\" alt=\"habitat inclusif\" class=\"wp-image-53\" style=\"width:826px;height:auto\" srcset=\"https:\/\/capautonomieinclusion.fr\/wp-content\/uploads\/2024\/01\/Logo-initial-vectorise-1024x423.png 1024w, https:\/\/capautonomieinclusion.fr\/wp-content\/uploads\/2024\/01\/Logo-initial-vectorise-300x124.png 300w, https:\/\/capautonomieinclusion.fr\/wp-content\/uploads\/2024\/01\/Logo-initial-vectorise-768x317.png 768w, https:\/\/capautonomieinclusion.fr\/wp-content\/uploads\/2024\/01\/Logo-initial-vectorise-1536x635.png 1536w, https:\/\/capautonomieinclusion.fr\/wp-content\/uploads\/2024\/01\/Logo-initial-vectorise-2048x847.png 2048w, https:\/\/capautonomieinclusion.fr\/wp-content\/uploads\/2024\/01\/Logo-initial-vectorise-1200x496.png 1200w\" sizes=\"auto, (max-width: 709px) 85vw, (max-width: 909px) 67vw, (max-width: 1362px) 62vw, 840px\" \/><\/figure>\n\n\n\n<p>Association ABNL et d&rsquo;int\u00e9r\u00eat g\u00e9n\u00e9ral cr\u00e9\u00e9e sous le N\u00b0 W653007915 le 31 01 2022<\/p>\n\n\n\n<p> Publication de cr\u00e9ation au JOAFE N\u00b01284 du 15 02 2022 Pr\u00e9fecture des Hautes Pyr\u00e9n\u00e9es <\/p>\n\n\n\n<p>Siren\/Siret 92301126600015 <\/p>\n\n\n\n<p><strong>Si\u00e8ge social<\/strong>: Maison des Associations 11 rue de la Chaudronnerie 65000 TARBES<\/p>\n\n\n\n<p> <strong>Adresse de gestion<\/strong> : 93 Impasse des Champs Aliz\u00e9s 64460 AAST <\/p>\n\n\n\n<p><strong>T\u00e9l\u00e9phone <\/strong>: 06 46 88 12 01 <\/p>\n\n\n\n<p><strong>Email <\/strong>: <a href=\"mailto:capautonomieinclusion@gmail.com\">capautonomieinclusion@gmail.com<\/a><\/p>\n\n\n\n<p>L&rsquo;association a pour objet la mise en \u0153uvre de toutes actions destin\u00e9es \u00e0 r\u00e9pondre \u00e0 ces deux grandes ambitions que sont la cr\u00e9ation et le d\u00e9ploiement de toutes formes d&rsquo;habitats inclusifs adapt\u00e9s.<\/p>\n\n\n\n<p>Ces habitats doivent permettre \u00e0 des personnes adultes en situation de handicap, notamment celles atteintes de troubles du spectre autistique (TSA), d&rsquo;acc\u00e9der \u00e0 <strong>\u00ab un chez soi sans \u00eatre seules \u00bb,<\/strong> en y \u00e9tant pr\u00e9par\u00e9es.<\/p>\n\n\n\n<p><strong>Au sein de ces habitats, ces personnes b\u00e9n\u00e9ficieront d&rsquo;un accompagnement \u00e0 la vie sociale et citoyenne, s\u00e9curis\u00e9e par des services personnalis\u00e9s et choisis par elles.<\/strong><\/p>\n\n\n\n<h2 class=\"wp-block-heading\">Le conseil d&rsquo;administration<\/h2>\n\n\n\n<ul class=\"wp-block-list\">\n<li>Jacques Maillot<\/li>\n\n\n\n<li>Guy Ribaudengo<\/li>\n\n\n\n<li>Christophe Paul<\/li>\n\n\n\n<li>B\u00e9atrice Ma dron<\/li>\n\n\n\n<li>Nicolas Madron<\/li>\n\n\n\n<li>Philippe Montelle<\/li>\n\n\n\n<li>Myl\u00e8ne Durroux<\/li>\n\n\n\n<li>Marie Lise Montelle<\/li>\n<\/ul>\n\n\n\n<h2 class=\"wp-block-heading\">Le Bureau<\/h2>\n\n\n\n<ul class=\"wp-block-list\">\n<li><strong>Pr\u00e9sident <\/strong>Jacques Maillot                   <a href=\"presidentcapautonomieinclusion@gmail.com\">presidentcapautonomieinclusion@gmail.com<\/a><\/li>\n\n\n\n<li><strong>Vice-pr\u00e9sident tr\u00e9sorier <\/strong>Guy Ribaudengo  <a href=\"vicepresidentcapautonomieinclusion@gmail.com\">vicepresidentcapautonomieinclusion@gmail.com<\/a><\/li>\n\n\n\n<li><strong>Secr\u00e9taire principal<\/strong> Christophe Paul     <a href=\"secretairecapautonomieinclusion@gmail.com\">secretairecapautonomieinclusion@gmail.com<\/a><\/li>\n<\/ul>\n\n\n\n<p><\/p>\n\n\n\n<p><\/p>\n","protected":false},"excerpt":{"rendered":"<p>Association ABNL et d&rsquo;int\u00e9r\u00eat g\u00e9n\u00e9ral cr\u00e9\u00e9e sous le N\u00b0 W653007915 le 31 01 2022 Publication de cr\u00e9ation au JOAFE N\u00b01284 du 15 02 2022 Pr\u00e9fecture des Hautes Pyr\u00e9n\u00e9es Siren\/Siret 92301126600015 Si\u00e8ge social: Maison des Associations 11 rue de la Chaudronnerie 65000 TARBES Adresse de gestion : 93 Impasse des Champs Aliz\u00e9s 64460 AAST T\u00e9l\u00e9phone : &hellip; <a href=\"https:\/\/capautonomieinclusion.fr\/index.php\/lassociation-cap-autonomie-inclusion\/\" class=\"more-link\">Continuer la lecture<span class=\"screen-reader-text\"> de &laquo;&nbsp;Qui sommes nous?&nbsp;&raquo;<\/span><\/a><\/p>\n","protected":false},"author":1,"featured_media":0,"parent":0,"menu_order":0,"comment_status":"closed","ping_status":"closed","template":"","meta":{"footnotes":""},"class_list":["post-15","page","type-page","status-publish","hentry"],"_links":{"self":[{"href":"https:\/\/capautonomieinclusion.fr\/index.php\/wp-json\/wp\/v2\/pages\/15","targetHints":{"allow":["GET"]}}],"collection":[{"href":"https:\/\/capautonomieinclusion.fr\/index.php\/wp-json\/wp\/v2\/pages"}],"about":[{"href":"https:\/\/capautonomieinclusion.fr\/index.php\/wp-json\/wp\/v2\/types\/page"}],"author":[{"embeddable":true,"href":"https:\/\/capautonomieinclusion.fr\/index.php\/wp-json\/wp\/v2\/users\/1"}],"replies":[{"embeddable":true,"href":"https:\/\/capautonomieinclusion.fr\/index.php\/wp-json\/wp\/v2\/comments?post=15"}],"version-history":[{"count":11,"href":"https:\/\/capautonomieinclusion.fr\/index.php\/wp-json\/wp\/v2\/pages\/15\/revisions"}],"predecessor-version":[{"id":120,"href":"https:\/\/capautonomieinclusion.fr\/index.php\/wp-json\/wp\/v2\/pages\/15\/revisions\/120"}],"wp:attachment":[{"href":"https:\/\/capautonomieinclusion.fr\/index.php\/wp-json\/wp\/v2\/media?parent=15"}],"curies":[{"name":"wp","href":"https:\/\/api.w.org\/{rel}","templated":true}]}}